{"id":39,"date":"2023-04-15T16:31:20","date_gmt":"2023-04-15T16:31:20","guid":{"rendered":"http:\/\/camp-amhart.de\/home\/?page_id=39"},"modified":"2025-12-30T14:58:43","modified_gmt":"2025-12-30T14:58:43","slug":"anmeldung","status":"publish","type":"page","link":"https:\/\/camp-amhart.de\/home\/anmeldung\/","title":{"rendered":"Anmeldung"},"content":{"rendered":"\n<p>Bitte f\u00fcr jedes Kind ein eigenes Formular ausf\u00fcllen.<\/p>\n\n\n\n<p>Anmeldung zum Zeltlager der KJG Ortsgruppe Am Hart TL <br>vom 02.08. bis 08.08.2026 im Altm\u00fchltal<\/p>\n\n\n<div class=\"wpforms-container wpforms-container-full wpforms-block wpforms-block-18151f78-85ac-4deb-9c3d-1717ef28a16a\" id=\"wpforms-126\"><form id=\"wpforms-form-126\" class=\"wpforms-validate wpforms-form wpforms-ajax-form\" data-formid=\"126\" method=\"post\" enctype=\"multipart\/form-data\" action=\"\/home\/wp-json\/wp\/v2\/pages\/39\" data-token=\"335a15cd48972e05509be109791397fd\" data-token-time=\"1775698181\"><noscript class=\"wpforms-error-noscript\">Bitte aktiviere JavaScript in deinem Browser, um dieses Formular fertigzustellen.<\/noscript><div class=\"wpforms-field-container\"><div id=\"wpforms-126-field_0-container\" class=\"wpforms-field wpforms-field-name\" data-field-id=\"0\"><label class=\"wpforms-field-label\" for=\"wpforms-126-field_0\">Kind <span class=\"wpforms-required-label\">*<\/span><\/label><div class=\"wpforms-field-row wpforms-field-medium\"><div class=\"wpforms-field-row-block wpforms-first wpforms-one-half\"><input type=\"text\" id=\"wpforms-126-field_0\" class=\"wpforms-field-name-first wpforms-field-required\" name=\"wpforms[fields][0][first]\" required><label for=\"wpforms-126-field_0\" class=\"wpforms-field-sublabel after \">Vorname<\/label><\/div><div class=\"wpforms-field-row-block wpforms-one-half\"><input type=\"text\" id=\"wpforms-126-field_0-last\" class=\"wpforms-field-name-last wpforms-field-required\" name=\"wpforms[fields][0][last]\" required><label for=\"wpforms-126-field_0-last\" class=\"wpforms-field-sublabel after \">Nachname<\/label><\/div><\/div><\/div><div id=\"wpforms-126-field_20-container\" class=\"wpforms-field wpforms-field-textarea\" data-field-id=\"20\"><label class=\"wpforms-field-label\" for=\"wpforms-126-field_20\">Adresse <span class=\"wpforms-required-label\">*<\/span><\/label><textarea id=\"wpforms-126-field_20\" class=\"wpforms-field-small wpforms-field-required\" name=\"wpforms[fields][20]\" required><\/textarea><div class=\"wpforms-field-description\">Stra\u00dfe, Nr, Ort, PLZ<\/div><\/div><div id=\"wpforms-126-field_23-container\" class=\"wpforms-field wpforms-field-text\" data-field-id=\"23\"><label class=\"wpforms-field-label\" for=\"wpforms-126-field_23\">Geburtstag <span class=\"wpforms-required-label\">*<\/span><\/label><input type=\"text\" id=\"wpforms-126-field_23\" class=\"wpforms-field-medium wpforms-field-required\" name=\"wpforms[fields][23]\" required><div class=\"wpforms-field-description\">TT.MM.JJJJ<\/div><\/div><div id=\"wpforms-126-field_22-container\" class=\"wpforms-field wpforms-field-select wpforms-field-select-style-classic\" data-field-id=\"22\"><label class=\"wpforms-field-label wpforms-label-hide\" for=\"wpforms-126-field_22\">Geschlecht <span class=\"wpforms-required-label\">*<\/span><\/label><select id=\"wpforms-126-field_22\" class=\"wpforms-field-medium wpforms-field-required\" name=\"wpforms[fields][22]\" required=\"required\"><option value=\"\" class=\"placeholder\" disabled  selected='selected'>Geschlecht<\/option><option value=\"M\u00e4dchen\" >M\u00e4dchen<\/option><option value=\"Junge\" >Junge<\/option><option value=\"Divers\" >Divers<\/option><\/select><\/div><div id=\"wpforms-126-field_6-container\" class=\"wpforms-field wpforms-field-checkbox wpforms-list-inline\" data-field-id=\"6\"><label class=\"wpforms-field-label\" for=\"wpforms-126-field_6\">Kannst du schwimmen? <span class=\"wpforms-required-label\">*<\/span><\/label><ul id=\"wpforms-126-field_6\" class=\"wpforms-field-required\" data-choice-limit=\"1\"><li class=\"choice-1 depth-1\"><input type=\"checkbox\" id=\"wpforms-126-field_6_1\" data-rule-check-limit=\"true\" name=\"wpforms[fields][6][]\" value=\"Ja\" required ><label class=\"wpforms-field-label-inline\" for=\"wpforms-126-field_6_1\">Ja<\/label><\/li><li class=\"choice-5 depth-1\"><input type=\"checkbox\" id=\"wpforms-126-field_6_5\" data-rule-check-limit=\"true\" name=\"wpforms[fields][6][]\" value=\"grade so\" required ><label class=\"wpforms-field-label-inline\" for=\"wpforms-126-field_6_5\">grade so<\/label><\/li><li class=\"choice-4 depth-1\"><input type=\"checkbox\" id=\"wpforms-126-field_6_4\" data-rule-check-limit=\"true\" name=\"wpforms[fields][6][]\" value=\"Nein\" required ><label class=\"wpforms-field-label-inline\" for=\"wpforms-126-field_6_4\">Nein<\/label><\/li><\/ul><\/div><div id=\"wpforms-126-field_7-container\" class=\"wpforms-field wpforms-field-checkbox wpforms-list-inline\" data-field-id=\"7\"><label class=\"wpforms-field-label\" for=\"wpforms-126-field_7\">Bist du Veggi? <span class=\"wpforms-required-label\">*<\/span><\/label><ul id=\"wpforms-126-field_7\" class=\"wpforms-field-required\" data-choice-limit=\"1\"><li class=\"choice-1 depth-1\"><input type=\"checkbox\" id=\"wpforms-126-field_7_1\" data-rule-check-limit=\"true\" name=\"wpforms[fields][7][]\" value=\"Ja\" required ><label class=\"wpforms-field-label-inline\" for=\"wpforms-126-field_7_1\">Ja<\/label><\/li><li class=\"choice-4 depth-1\"><input type=\"checkbox\" id=\"wpforms-126-field_7_4\" data-rule-check-limit=\"true\" name=\"wpforms[fields][7][]\" value=\"Nein\" required ><label class=\"wpforms-field-label-inline\" for=\"wpforms-126-field_7_4\">Nein<\/label><\/li><li class=\"choice-5 depth-1\"><input type=\"checkbox\" id=\"wpforms-126-field_7_5\" data-rule-check-limit=\"true\" name=\"wpforms[fields][7][]\" value=\"Nein (kein Schweinefleisch)\" required ><label class=\"wpforms-field-label-inline\" for=\"wpforms-126-field_7_5\">Nein (kein Schweinefleisch)<\/label><\/li><\/ul><\/div><div id=\"wpforms-126-field_8-container\" class=\"wpforms-field wpforms-field-checkbox wpforms-list-inline\" data-field-id=\"8\"><label class=\"wpforms-field-label\" for=\"wpforms-126-field_8\">Musst du Medikamente nehmen? <span class=\"wpforms-required-label\">*<\/span><\/label><ul id=\"wpforms-126-field_8\" class=\"wpforms-field-required\" data-choice-limit=\"1\"><li class=\"choice-1 depth-1\"><input type=\"checkbox\" id=\"wpforms-126-field_8_1\" data-rule-check-limit=\"true\" name=\"wpforms[fields][8][]\" value=\"Ja\" required ><label class=\"wpforms-field-label-inline\" for=\"wpforms-126-field_8_1\">Ja<\/label><\/li><li class=\"choice-4 depth-1\"><input type=\"checkbox\" id=\"wpforms-126-field_8_4\" data-rule-check-limit=\"true\" name=\"wpforms[fields][8][]\" value=\"Nein\" required ><label class=\"wpforms-field-label-inline\" for=\"wpforms-126-field_8_4\">Nein<\/label><\/li><\/ul><\/div><div id=\"wpforms-126-field_9-container\" class=\"wpforms-field wpforms-field-checkbox wpforms-list-inline\" data-field-id=\"9\"><label class=\"wpforms-field-label\" for=\"wpforms-126-field_9\">Hast du Allergien oder etwas \u00e4hnliches auf das wir achten m\u00fcssen? <span class=\"wpforms-required-label\">*<\/span><\/label><ul id=\"wpforms-126-field_9\" class=\"wpforms-field-required\" data-choice-limit=\"1\"><li class=\"choice-1 depth-1\"><input type=\"checkbox\" id=\"wpforms-126-field_9_1\" data-rule-check-limit=\"true\" name=\"wpforms[fields][9][]\" value=\"Ja\" required ><label class=\"wpforms-field-label-inline\" for=\"wpforms-126-field_9_1\">Ja<\/label><\/li><li class=\"choice-4 depth-1\"><input type=\"checkbox\" id=\"wpforms-126-field_9_4\" data-rule-check-limit=\"true\" name=\"wpforms[fields][9][]\" value=\"Nein\" required ><label class=\"wpforms-field-label-inline\" for=\"wpforms-126-field_9_4\">Nein<\/label><\/li><\/ul><\/div><div id=\"wpforms-126-field_12-container\" class=\"wpforms-field wpforms-field-textarea\" data-field-id=\"12\"><label class=\"wpforms-field-label\" for=\"wpforms-126-field_12\">Wenn ja welche Medikamente und oder Allergien?<\/label><textarea id=\"wpforms-126-field_12\" class=\"wpforms-field-medium\" name=\"wpforms[fields][12]\" ><\/textarea><\/div><div id=\"wpforms-126-field_26-container\" class=\"wpforms-field wpforms-field-textarea\" data-field-id=\"26\"><label class=\"wpforms-field-label\" for=\"wpforms-126-field_26\">Sonstige Anmerkungen oder Nachrichten an uns:<\/label><textarea id=\"wpforms-126-field_26\" class=\"wpforms-field-medium\" name=\"wpforms[fields][26]\" ><\/textarea><\/div><div id=\"wpforms-126-field_25-container\" class=\"wpforms-field wpforms-field-textarea\" data-field-id=\"25\"><label class=\"wpforms-field-label\" for=\"wpforms-126-field_25\">Ich wurde angeworben bzw. bin Geschwisterkind von:<\/label><textarea id=\"wpforms-126-field_25\" class=\"wpforms-field-small\" name=\"wpforms[fields][25]\" ><\/textarea><div class=\"wpforms-field-description\">Vorname, Nachname<\/div><\/div><div id=\"wpforms-126-field_3-container\" class=\"wpforms-field wpforms-field-name\" data-field-id=\"3\"><label class=\"wpforms-field-label\" for=\"wpforms-126-field_3\">Name Erziehungsberechtigte <span class=\"wpforms-required-label\">*<\/span><\/label><div class=\"wpforms-field-row wpforms-field-medium\"><div class=\"wpforms-field-row-block wpforms-first wpforms-one-half\"><input type=\"text\" id=\"wpforms-126-field_3\" class=\"wpforms-field-name-first wpforms-field-required\" name=\"wpforms[fields][3][first]\" required><label for=\"wpforms-126-field_3\" class=\"wpforms-field-sublabel after \">Vorname<\/label><\/div><div class=\"wpforms-field-row-block wpforms-one-half\"><input type=\"text\" id=\"wpforms-126-field_3-last\" class=\"wpforms-field-name-last wpforms-field-required\" name=\"wpforms[fields][3][last]\" required><label for=\"wpforms-126-field_3-last\" class=\"wpforms-field-sublabel after \">Nachname<\/label><\/div><\/div><\/div><div id=\"wpforms-126-field_1-container\" class=\"wpforms-field wpforms-field-email\" data-field-id=\"1\"><label class=\"wpforms-field-label\" for=\"wpforms-126-field_1\">E-Mail <span class=\"wpforms-required-label\">*<\/span><\/label><input type=\"email\" id=\"wpforms-126-field_1\" class=\"wpforms-field-medium wpforms-field-required\" name=\"wpforms[fields][1]\" spellcheck=\"false\" required><\/div><div id=\"wpforms-126-field_18-container\" class=\"wpforms-field wpforms-field-number\" data-field-id=\"18\"><label class=\"wpforms-field-label\" for=\"wpforms-126-field_18\">Telefonisch erreichbar unter <span class=\"wpforms-required-label\">*<\/span><\/label><input type=\"number\" id=\"wpforms-126-field_18\" class=\"wpforms-field-medium wpforms-field-required\" name=\"wpforms[fields][18]\" required><\/div><div id=\"wpforms-126-field_21-container\" class=\"wpforms-field wpforms-field-textarea\" data-field-id=\"21\"><label class=\"wpforms-field-label\" for=\"wpforms-126-field_21\">Adresse falls abweichend<\/label><textarea id=\"wpforms-126-field_21\" class=\"wpforms-field-medium\" name=\"wpforms[fields][21]\" ><\/textarea><div class=\"wpforms-field-description\">Stra\u00dfe, Nr, Ort, PLZ<\/div><\/div><div id=\"wpforms-126-field_13-container\" class=\"wpforms-field wpforms-field-checkbox wpforms-list-inline\" data-field-id=\"13\"><label class=\"wpforms-field-label wpforms-label-hide\" for=\"wpforms-126-field_13\">Ich aktzeptiere die AGB und Datenschutzbestimmungen <span class=\"wpforms-required-label\">*<\/span><\/label><ul id=\"wpforms-126-field_13\" class=\"wpforms-field-required\"><li class=\"choice-1 depth-1\"><input type=\"checkbox\" id=\"wpforms-126-field_13_1\" name=\"wpforms[fields][13][]\" value=\"Ich aktzeptiere die AGB und Datenschutzbestimmungen\" required ><label class=\"wpforms-field-label-inline\" for=\"wpforms-126-field_13_1\">Ich aktzeptiere die AGB und Datenschutzbestimmungen<\/label><\/li><\/ul><div class=\"wpforms-field-description\">https:\/\/camp-amhart.de\/home\/agb\/<\/div><\/div><div id=\"wpforms-126-field_30-container\" class=\"wpforms-field wpforms-field-checkbox\" data-field-id=\"30\"><label class=\"wpforms-field-label wpforms-label-hide\" for=\"wpforms-126-field_30\">Datenschutz soziale Netzwerke<\/label><ul id=\"wpforms-126-field_30\"><li class=\"choice-1 depth-1\"><input type=\"checkbox\" id=\"wpforms-126-field_30_1\" name=\"wpforms[fields][30][]\" value=\"Gem\u00e4\u00df \u00a7 22 KUG (Kunsturhebergesetz) und \u00a7 4 BDSG (Bundesdatenschutzgesetz) in Verbindung mit \u00a7 2 Abs. 3 Nr. 3 TMG (Telemediengesetz) erkl\u00e4ren Sie sich durch Anklicken mit der Verwendung von Bildern Ihres Kindes zu Werbezwecken auf unseren offiziellen sozialen Netzwerken\u00a0einverstanden.\"  ><label class=\"wpforms-field-label-inline\" for=\"wpforms-126-field_30_1\">Gem\u00e4\u00df \u00a7 22 KUG (Kunsturhebergesetz) und \u00a7 4 BDSG (Bundesdatenschutzgesetz) in Verbindung mit \u00a7 2 Abs. 3 Nr. 3 TMG (Telemediengesetz) erkl\u00e4ren Sie sich durch Anklicken mit der Verwendung von Bildern Ihres Kindes zu Werbezwecken auf unseren offiziellen sozialen Netzwerken\u00a0einverstanden.<\/label><\/li><\/ul><\/div><\/div><!-- .wpforms-field-container --><div class=\"wpforms-recaptcha-container wpforms-is-recaptcha wpforms-is-recaptcha-type-v2\" ><div class=\"g-recaptcha\" data-sitekey=\"6LfUBJIlAAAAALBeuhFqm1UNk04-txb5pfJlSEv7\"><\/div><input type=\"text\" name=\"g-recaptcha-hidden\" class=\"wpforms-recaptcha-hidden\" style=\"position:absolute!important;clip:rect(0,0,0,0)!important;height:1px!important;width:1px!important;border:0!important;overflow:hidden!important;padding:0!important;margin:0!important;\" data-rule-recaptcha=\"1\"><\/div><div class=\"wpforms-submit-container\" ><input type=\"hidden\" name=\"wpforms[id]\" value=\"126\"><input type=\"hidden\" name=\"page_title\" value=\"\"><input type=\"hidden\" name=\"page_url\" value=\"https:\/\/camp-amhart.de\/home\/wp-json\/wp\/v2\/pages\/39\"><button type=\"submit\" name=\"wpforms[submit]\" id=\"wpforms-submit-126\" class=\"wpforms-submit\" data-alt-text=\"Senden\u2026\" data-submit-text=\"Absenden\" aria-live=\"assertive\" value=\"wpforms-submit\">Absenden<\/button><img loading=\"lazy\" decoding=\"async\" src=\"https:\/\/camp-amhart.de\/wp-content\/plugins\/wpforms\/assets\/images\/submit-spin.svg\" class=\"wpforms-submit-spinner\" style=\"display: none;\" width=\"26\" height=\"26\" alt=\"Wird geladen\"><\/div><\/form><\/div>  <!-- .wpforms-container -->\n\n\n<p>Alle weiteren Informationen erh\u00e4lst du nach der Anmeldung<\/p>\n","protected":false},"excerpt":{"rendered":"<p>Bitte f\u00fcr jedes Kind ein eigenes Formular ausf\u00fcllen. Anmeldung zum Zeltlager der KJG Ortsgruppe Am Hart TL vom 02.08. bis 08.08.2026 im Altm\u00fchltal Alle weiteren Informationen erh\u00e4lst du nach der Anmeldung<\/p>\n","protected":false},"author":3,"featured_media":0,"parent":0,"menu_order":0,"comment_status":"closed","ping_status":"closed","template":"","meta":{"footnotes":""},"class_list":["post-39","page","type-page","status-publish","hentry"],"_links":{"self":[{"href":"https:\/\/camp-amhart.de\/home\/wp-json\/wp\/v2\/pages\/39","targetHints":{"allow":["GET"]}}],"collection":[{"href":"https:\/\/camp-amhart.de\/home\/wp-json\/wp\/v2\/pages"}],"about":[{"href":"https:\/\/camp-amhart.de\/home\/wp-json\/wp\/v2\/types\/page"}],"author":[{"embeddable":true,"href":"https:\/\/camp-amhart.de\/home\/wp-json\/wp\/v2\/users\/3"}],"replies":[{"embeddable":true,"href":"https:\/\/camp-amhart.de\/home\/wp-json\/wp\/v2\/comments?post=39"}],"version-history":[{"count":11,"href":"https:\/\/camp-amhart.de\/home\/wp-json\/wp\/v2\/pages\/39\/revisions"}],"predecessor-version":[{"id":218,"href":"https:\/\/camp-amhart.de\/home\/wp-json\/wp\/v2\/pages\/39\/revisions\/218"}],"wp:attachment":[{"href":"https:\/\/camp-amhart.de\/home\/wp-json\/wp\/v2\/media?parent=39"}],"curies":[{"name":"wp","href":"https:\/\/api.w.org\/{rel}","templated":true}]}}